{"id":7550,"date":"2025-02-19T00:46:00","date_gmt":"2025-02-18T23:46:00","guid":{"rendered":"https:\/\/dein-klebeband.de\/?page_id=7550"},"modified":"2025-02-19T00:48:28","modified_gmt":"2025-02-18T23:48:28","slug":"impressum","status":"publish","type":"page","link":"https:\/\/dein-klebeband.de\/?page_id=7550","title":{"rendered":"Impressum"},"content":{"rendered":"\t\t<div data-elementor-type=\"wp-page\" data-elementor-id=\"7550\" class=\"elementor elementor-7550\">\n\t\t\t\t<div class=\"elementor-element elementor-element-ce1334b e-flex e-con-boxed e-con e-parent\" data-id=\"ce1334b\" data-element_type=\"container\">\n\t\t\t\t\t<div class=\"e-con-inner\">\n\t\t\t\t<div class=\"elementor-element elementor-element-d374849 elementor-widget elementor-widget-hub_fancy_heading\" data-id=\"d374849\" data-element_type=\"widget\" data-widget_type=\"hub_fancy_heading.default\">\n\t\t\t\t<div class=\"elementor-widget-container\">\n\t\t\t\t\t\n\t\t<div id=\"ld-fancy-heading-69dca8b2646fe\" class=\"ld-fancy-heading pos-rel\">\n\t\t\t<h2 class=\"ld-fh-element d-inline-block pos-rel  elementor-heading-title lqd-highlight-classic lqd-highlight-grow-left h2\"  > Impressum<\/h2>\t\t<\/div>\n\n\t\t\t\t\t\t<\/div>\n\t\t\t\t<\/div>\n\t\t\t\t\t<\/div>\n\t\t\t\t<\/div>\n\t\t<div class=\"elementor-element elementor-element-b2bf061 e-flex e-con-boxed e-con e-parent\" data-id=\"b2bf061\" data-element_type=\"container\">\n\t\t\t\t\t<div class=\"e-con-inner\">\n\t\t\t\t<div class=\"elementor-element elementor-element-4dc1135 elementor-widget elementor-widget-text-editor\" data-id=\"4dc1135\" data-element_type=\"widget\" data-widget_type=\"text-editor.default\">\n\t\t\t\t<div class=\"elementor-widget-container\">\n\t\t\t\t\t\t\t\t\t<p class=\"p1\"><span class=\"s1\"><b><i>Dein Klebeband GmbH<br>Strombergstrasse 7-11<br>74226 Nordheim<\/i><\/b><\/span><\/p>\n<p class=\"p1\"><span class=\"s1\"><b><i>E-Mail:&nbsp;info@dein-klebeband.de<br><\/i><\/b><\/span><b style=\"text-align: var(--text-align); background-color: var( --e-global-color-33393f8 ); font-family: var( --e-global-typography-text-font-family ), Sans-serif; font-size: var( --e-global-typography-text-font-size ); letter-spacing: var( --e-global-typography-text-letter-spacing );\"><i>Tel.:&nbsp; +49 (0) 7135 &#8211;&nbsp; 93 85 647<\/i><\/b><\/p>\n<p class=\"p1\"><span class=\"s1\"><b><i>Monday &#8211; Friday 07:30 &#8211; 17:00<br><\/i><\/b><\/span><b style=\"text-align: var(--text-align); background-color: var( --e-global-color-33393f8 ); font-family: var( --e-global-typography-text-font-family ), Sans-serif; font-size: var( --e-global-typography-text-font-size ); letter-spacing: var( --e-global-typography-text-letter-spacing );\"><i>Samstag 08:00 &#8211; 14:00<br><\/i><\/b><b style=\"text-align: var(--text-align); font-family: var( --e-global-typography-text-font-family ), Sans-serif; font-size: var( --e-global-typography-text-font-size ); letter-spacing: var( --e-global-typography-text-letter-spacing ); background-color: var( --e-global-color-33393f8 );\"><i>Sonntag : Geschlossen<\/i><\/b><\/p>\n<p class=\"p1\"><span class=\"s1\"><b><i>Vertreten durch: Herrn Philip Stenzel<\/i><\/b><\/span><\/p>\n<p class=\"p3\"><span class=\"s1\"><b><i>Gesch\u00e4ftsf\u00fchrer:<br><\/i><\/b><\/span><b style=\"text-align: var(--text-align); background-color: var( --e-global-color-33393f8 ); font-family: var( --e-global-typography-text-font-family ), Sans-serif; font-size: var( --e-global-typography-text-font-size ); letter-spacing: var( --e-global-typography-text-letter-spacing );\"><i>Philip Stenzel<\/i><\/b><\/p>\n<p class=\"p3\"><span class=\"s1\"><b><i>Verantwortlich f\u00fcr eigene Inhalte der We Print Solutions gem. \u00a7 55 RStV: Philip Stenzel<br><\/i><\/b><\/span><b style=\"text-align: var(--text-align); background-color: var( --e-global-color-33393f8 ); font-family: var( --e-global-typography-text-font-family ), Sans-serif; font-size: var( --e-global-typography-text-font-size ); letter-spacing: var( --e-global-typography-text-letter-spacing );\"><i>Plattform der EU-Kommission zur Online-Streitbeilegung: http:\/\/ec.europa.eu\/consumers\/odr<\/i><\/b><\/p>\t\t\t\t\t\t\t\t<\/div>\n\t\t\t\t<\/div>\n\t\t\t\t\t<\/div>\n\t\t\t\t<\/div>\n\t\t\t\t<\/div>\n\t\t","protected":false},"excerpt":{"rendered":"<p>Impressum Dein Klebeband GmbHStrombergstrasse 7-1174226 Nordheim E-Mail:&nbsp;info@dein-klebeband.deTel.:&nbsp; +49 (0) 7135 &#8211;&nbsp; 93 85 647 Monday &#8211; Friday 07:30 &#8211; 17:00Samstag 08:00 &#8211; 14:00Sonntag : Geschlossen Vertreten durch: Herrn Philip Stenzel Gesch\u00e4ftsf\u00fchrer:Philip Stenzel Verantwortlich f\u00fcr eigene Inhalte der We Print Solutions gem. \u00a7 55 RStV: Philip StenzelPlattform der EU-Kommission zur Online-Streitbeilegung: http:\/\/ec.europa.eu\/consumers\/odr<\/p>\n","protected":false},"author":1,"featured_media":0,"parent":0,"menu_order":0,"comment_status":"closed","ping_status":"closed","template":"","meta":{"footnotes":""},"class_list":["post-7550","page","type-page","status-publish","hentry"],"_links":{"self":[{"href":"https:\/\/dein-klebeband.de\/index.php?rest_route=\/wp\/v2\/pages\/7550","targetHints":{"allow":["GET"]}}],"collection":[{"href":"https:\/\/dein-klebeband.de\/index.php?rest_route=\/wp\/v2\/pages"}],"about":[{"href":"https:\/\/dein-klebeband.de\/index.php?rest_route=\/wp\/v2\/types\/page"}],"author":[{"embeddable":true,"href":"https:\/\/dein-klebeband.de\/index.php?rest_route=\/wp\/v2\/users\/1"}],"replies":[{"embeddable":true,"href":"https:\/\/dein-klebeband.de\/index.php?rest_route=%2Fwp%2Fv2%2Fcomments&post=7550"}],"version-history":[{"count":7,"href":"https:\/\/dein-klebeband.de\/index.php?rest_route=\/wp\/v2\/pages\/7550\/revisions"}],"predecessor-version":[{"id":7557,"href":"https:\/\/dein-klebeband.de\/index.php?rest_route=\/wp\/v2\/pages\/7550\/revisions\/7557"}],"wp:attachment":[{"href":"https:\/\/dein-klebeband.de\/index.php?rest_route=%2Fwp%2Fv2%2Fmedia&parent=7550"}],"curies":[{"name":"wp","href":"https:\/\/api.w.org\/{rel}","templated":true}]}}